{"id":3914,"date":"2018-04-17T22:36:55","date_gmt":"2018-04-17T20:36:55","guid":{"rendered":"http:\/\/www.smart2015.smartphotoproject.de\/?page_id=3914"},"modified":"2018-05-16T00:25:42","modified_gmt":"2018-05-15T22:25:42","slug":"impressum","status":"publish","type":"page","link":"http:\/\/www.smartphotoproject.de\/?page_id=3914","title":{"rendered":"Datenschutzerkl\u00e4rung"},"content":{"rendered":"<div  class=\"tatsu-fq87vskvnu8pjgws tatsu-section    tatsu-clearfix\" data-title=\"\"  data-headerscheme=\"background--dark\"><div class='tatsu-section-pad clearfix' data-padding='{\"d\":\"90px 0% 90px 0%\"}' data-padding-top='90px'><div class=\"tatsu-row-wrap  tatsu-wrap tatsu-row-one-col tatsu-row-has-one-cols tatsu-medium-gutter tatsu-reg-cols  tatsu-clearfix tatsu-fq87vskvzn652t3m\" ><div  class=\"tatsu-row \" ><div  class=\"tatsu-column  tatsu-column-no-bg tatsu-one-col tatsu-column-image- tatsu-column-effect-  tatsu-fq87vskw06bua4mf\" data-animation=\"fadeIn\"   data-parallax-speed=\"0\" style=\"\"><div class=\"tatsu-column-inner \" ><div class=\"tatsu-column-pad-wrap\"><div class=\"tatsu-column-pad\" ><div  class=\"tatsu-module tatsu-text-block-wrap tatsu-fq87vskw1113lzrl  \"><div class=\"tatsu-text-inner tatsu-align-center  clearfix\" data-animation=\"fadeIn\"  >\n<h2>Datenschutzerkl\u00e4rung<\/h2>\n<p><strong>Datenschutz<\/strong><\/p>\n<p>Als\u00a0Betreibern dieser Seiten nehme ich\u00a0den Schutz deiner pers\u00f6nlichen Daten sehr ernst.\u00a0Ich behandele deine personenbezogenen Daten\u00a0 vertraulich und entsprechend der gesetzlichen Datenschutzvorschriften sowie dieser\u00a0 Datenschutzerkl\u00e4rung.<\/p>\n<p>Die Nutzung meiner Website ist in der Regel ohne Angabe\u00a0personenbezogener Daten m\u00f6glich. Soweit auf meinen Seiten personenbezogene Daten\u00a0(beispielsweise Name, Anschrift oder E-Mail-Adressen) erhoben werden, erfolgt dies, soweit\u00a0m\u00f6glich, stets auf freiwilliger Basis. Diese Daten werden\u00a0nicht an Dritte weitergegeben.<\/p>\n<p>Ich\u00a0weise darauf hin, dass die Daten\u00fcbertragung im Internet\u00a0(z.B. bei der Kommunikation per E-Mail) Sicherheitsl\u00fccken aufweisen kann. Ein l\u00fcckenloser\u00a0Schutz der Daten vor dem Zugriff durch Dritte ist nicht m\u00f6glich.<\/p>\n<p>Um den bestm\u00f6glichen Datenschutz zu gew\u00e4hrleisten ist meine Fotoseite auf einen von der deutsch-europ\u00e4ischen Firma 1und1 gehosteten Server abgelegt. Des weiteren nutze ich nur DSGVO-konforme PlugIns<a href=\"https:\/\/de.wordpress.org\/plugins\/statify\/\">)<\/a>\u00a0und habe die Google Fonts des von mir gew\u00e4hlten Themes deaktiviert.<\/p>\n<p><strong>Datenschutzkonzept<\/strong><\/p>\n<p>Mein aktuelles <a href=\"https:\/\/www.detlefgoehrig.de\/wp-content\/uploads\/2018\/05\/Datenschutz-Konzept-Version_DG.pdf\">Datenschutzkonzept ist unter diesem Link<\/a> einsehbar.<\/p>\n<p><strong>Server-Log-Files<\/strong><\/p>\n<p>Der Provider der Seiten erhebt und speichert automatisch Informationen in so genannten Server-Log Files, die Ihr Browser automatisch an uns \u00fcbermittelt. Dies sind:<\/p>\n<ul>\n<li>Browsertyp und Browserversion<\/li>\n<li>verwendetes Betriebssystem<\/li>\n<li>Referrer URL<\/li>\n<li>Hostname des zugreifenden Rechners<\/li>\n<li>Uhrzeit der Serveranfrage<\/li>\n<\/ul>\n<p>Diese Daten sind nicht bestimmten Personen zuordenbar. Eine Zusammenf\u00fchrung dieser Daten mit anderen Datenquellen wird nicht vorgenommen. Wir behalten uns vor, diese Daten nachtr\u00e4glich zupr\u00fcfen, wenn uns konkrete Anhaltspunkte f\u00fcr eine rechtswidrige Nutzung bekannt werden.<\/p>\n<p>.<\/p>\n<p><strong>Cookies<\/strong><\/p>\n<p>Die Internetseiten verwenden teilweise so genannte Cookies. Cookies richten auf Ihrem Rechner keinen Schaden an und enthalten keine Viren. Cookies dienen dazu, unser Angebot nutzerfreundlicher, effektiver und sicherer zu machen. Cookies sind kleine Textdateien, die auf Ihrem Rechner abgelegt werden und die Ihr Browser speichert.<\/p>\n<p>Die meisten der von uns verwendeten Cookies sind so genannte \u201eSession-Cookies\u201c. Sie werden nach Ende Ihres Besuchs automatisch gel\u00f6scht. Andere Cookies bleiben auf Ihrem Endger\u00e4t gespeichert, bis Sie diese l\u00f6schen. Diese Cookies erm\u00f6glichen es uns, Ihren Browser beim n\u00e4chsten Besuch wiederzuerkennen.<\/p>\n<p>Sie k\u00f6nnen Ihren Browser so einstellen, dass Sie \u00fcber das Setzen von Cookies informiert werden und Cookies nur im Einzelfall erlauben, die Annahme von Cookies f\u00fcr bestimmte F\u00e4lle oder generell ausschlie\u00dfen sowie das automatische L\u00f6schen der Cookies beim Schlie\u00dfen des Browser aktivieren. Bei der Deaktivierung von Cookies kann die Funktionalit\u00e4t dieser Website eingeschr\u00e4nkt sein.<\/p>\n<p><strong>Kontakt<\/strong><\/p>\n<p>Wenn Sie uns per Mail Anfragen zukommen lassen, werden Ihre Angaben aus der mail inklusive der von Ihnen dort angegebenen Kontaktdaten zwecks Bearbeitung der Anfrage und f\u00fcr den Fall von Anschlussfragen bei uns gespeichert. Diese Daten geben wir nicht ohne Ihre Einwilligung weiter.<\/p>\n<p><strong>Recht auf Auskunft, L\u00f6schung, Sperrung<\/strong><\/p>\n<p>Sie haben jederzeit das Recht auf unentgeltliche Auskunft \u00fcber Ihre gespeicherten personenbezogenen<\/p>\n<p>Daten, deren Herkunft und Empf\u00e4nger und den Zweck der Datenverarbeitung sowie ein Recht auf Berichtigung, Sperrung oder L\u00f6schung dieser Daten. Hierzu sowie zu weiteren Fragen zum Thema personenbezogene Daten k\u00f6nnen Sie sich jederzeit unter der im Impressum angegebenen Adresse an uns wenden.<\/p>\n<p><strong>Widerspruch Werbe-Mails<\/strong><\/p>\n<p>Der Nutzung von im Rahmen der Impressumspflicht ver\u00f6ffentlichten Kontaktdaten zur \u00dcbersendung von nicht ausdr\u00fccklich angeforderter Werbung und Informationsmaterialien wird hiermit widersprochen. Die Betreiber der Seiten behalten sich ausdr\u00fccklich rechtliche Schritte im Falle der unverlangten Zusendung von Werbeinformationen, etwa durch Spam-E-Mails, vor.<\/p>\n<p><strong>Verwendung von Webfonts<\/strong><\/p>\n<p>Auf diesen Internetseiten werden externe Schriften, Google Fonts verwendet. Google Fonts ist ein Dienst der Google Inc. (&#8222;Google&#8220;). Die Einbindung dieser Web Fonts erfolgt durch einen Serveraufruf, in der Regel ein Server von Google in den USA. Hierdurch wird an den Server \u00fcbermittelt, welche unserer Internetseiten Sie besucht haben. Auch wird die IP-Adresse des Browsers des Endger\u00e4tes des Besuchers dieser Internetseiten von Google gespeichert. N\u00e4here Informationen finden Sie in den Datenschutzhinweisen von Google, die Sie hier abrufen k\u00f6nnen:<br \/>\n<a class=\"text\" href=\"https:\/\/www.google.com\/fonts#AboutPlace:about\" target=\"_blank\" rel=\"nofollow noopener\">www.google.com\/fonts#AboutPlace:about<\/a><br \/>\n<a class=\"text\" href=\"https:\/\/www.google.com\/policies\/privacy\/\" target=\"_blank\" rel=\"nofollow noopener\">www.google.com\/policies\/privacy\/<\/a><\/p>\n<p><strong>Onlinepr\u00e4senzen in sozialen Medien<\/strong><br \/>\nWir unterhalten Onlinepr\u00e4senzen innerhalb sozialer Netzwerke und Plattformen, um mit den dort aktiven Kunden, Interessenten und Nutzern kommunizieren und sie dort \u00fcber unsere Leistungen informieren zu k\u00f6nnen. Beim Aufruf der jeweiligen Netzwerke und Plattformen gelten die Gesch\u00e4ftsbedingungen und die Datenverarbeitungsrichtlinien deren jeweiligen Betreiber.<\/p>\n<p>Soweit nicht anders im Rahmen unserer Datenschutzerkl\u00e4rung angegeben, verarbeiten wir die Daten der Nutzer sofern diese mit uns innerhalb der sozialen Netzwerke und Plattformen kommunizieren, z.B. Beitr\u00e4ge auf unseren Onlinepr\u00e4senzen verfassen oder uns Nachrichten zusenden.<\/p>\n<p>Quellenangaben: eRecht24, dem Portal zum Internetrecht von Rechtsanwalt S\u00f6ren Siebert<\/p>\n<\/div><\/div><\/div><\/div><div class = \"tatsu-column-bg-image-wrap\"><div class = \"tatsu-column-bg-image\" ><\/div><\/div><\/div><style>.tatsu-fq87vskw06bua4mf.tatsu-column > .tatsu-column-inner > .tatsu-column-overlay{mix-blend-mode: none;}.tatsu-fq87vskw06bua4mf > .tatsu-column-inner > .tatsu-top-divider{z-index: 9999;}.tatsu-fq87vskw06bua4mf > .tatsu-column-inner > .tatsu-bottom-divider{z-index: 9999;}.tatsu-fq87vskw06bua4mf > .tatsu-column-inner > .tatsu-left-divider{z-index: 9999;}.tatsu-fq87vskw06bua4mf > .tatsu-column-inner > .tatsu-right-divider{z-index: 9999;}.tatsu-fq87vskw06bua4mf.tatsu-column{transform: translate3d(0px,0px, 0);}<\/style><\/div><\/div><\/div><\/div><div class=\"tatsu-section-background-wrap\"><div class = \"tatsu-section-background\" ><\/div><\/div><style>.tatsu-fq87vskvnu8pjgws .tatsu-section-pad{padding: 90px 0% 90px 0%;}.tatsu-fq87vskvnu8pjgws.tatsu-section{margin: 0px 0px 0px 0px;}.tatsu-fq87vskvnu8pjgws > .tatsu-bottom-divider{z-index: 9999;}.tatsu-fq87vskvnu8pjgws > .tatsu-top-divider{z-index: 9999;}<\/style><\/div>\n","protected":false},"excerpt":{"rendered":"<p><a href=\"http:\/\/www.smartphotoproject.de\/?page_id=3914\" class=\"more-link style1-button\">Weiterlesen<\/a><\/p>","protected":false},"author":1,"featured_media":0,"parent":0,"menu_order":0,"comment_status":"open","ping_status":"closed","template":"","meta":{"footnotes":""},"class_list":["post-3914","page","type-page","status-publish","hentry"],"_links":{"self":[{"href":"http:\/\/www.smartphotoproject.de\/index.php?rest_route=\/wp\/v2\/pages\/3914","targetHints":{"allow":["GET"]}}],"collection":[{"href":"http:\/\/www.smartphotoproject.de\/index.php?rest_route=\/wp\/v2\/pages"}],"about":[{"href":"http:\/\/www.smartphotoproject.de\/index.php?rest_route=\/wp\/v2\/types\/page"}],"author":[{"embeddable":true,"href":"http:\/\/www.smartphotoproject.de\/index.php?rest_route=\/wp\/v2\/users\/1"}],"replies":[{"embeddable":true,"href":"http:\/\/www.smartphotoproject.de\/index.php?rest_route=%2Fwp%2Fv2%2Fcomments&post=3914"}],"version-history":[{"count":9,"href":"http:\/\/www.smartphotoproject.de\/index.php?rest_route=\/wp\/v2\/pages\/3914\/revisions"}],"predecessor-version":[{"id":3960,"href":"http:\/\/www.smartphotoproject.de\/index.php?rest_route=\/wp\/v2\/pages\/3914\/revisions\/3960"}],"wp:attachment":[{"href":"http:\/\/www.smartphotoproject.de\/index.php?rest_route=%2Fwp%2Fv2%2Fmedia&parent=3914"}],"curies":[{"name":"wp","href":"https:\/\/api.w.org\/{rel}","templated":true}]}}