{"id":3501,"date":"2015-05-15T21:34:19","date_gmt":"2015-05-15T19:34:19","guid":{"rendered":"http:\/\/www.smart2015.smartphotoproject.de\/?page_id=3501"},"modified":"2026-02-07T09:31:27","modified_gmt":"2026-02-07T08:31:27","slug":"about-2","status":"publish","type":"page","link":"http:\/\/www.smartphotoproject.de\/?page_id=3501","title":{"rendered":"About Delf"},"content":{"rendered":"<div  class=\"tatsu-frcqyez2lgu2mxd tatsu-section    tatsu-clearfix\" data-title=\"\"  data-headerscheme=\"background--dark\"><div class='tatsu-section-pad clearfix' data-padding='{\"d\":\"90px 0% 90px 0%\"}' data-padding-top='90px'><div class=\"tatsu-row-wrap  tatsu-wrap tatsu-row-has-one-half tatsu-row-has-two-cols tatsu-medium-gutter tatsu-reg-cols  tatsu-clearfix tatsu-frcqyez2tu6enru2\" ><div  class=\"tatsu-row \" ><div  class=\"tatsu-column  tatsu-column-no-bg tatsu-one-half tatsu-column-image-none tatsu-column-effect-none  tatsu-frcqyez31yctmib7\"  data-parallax-speed=\"0\" style=\"\"><div class=\"tatsu-column-inner \" ><div class=\"tatsu-column-pad-wrap\"><div class=\"tatsu-column-pad\" ><div  class=\"tatsu-module tatsu-text-block-wrap tatsu-frcqyez3aacq25v4  \"><div class=\"tatsu-text-inner tatsu-align-center  clearfix\" ><style>.tatsu-frcqyez3aacq25v4.tatsu-text-block-wrap .tatsu-text-inner{text-align: left;}<\/style>\n<p><a href=\"http:\/\/www.smart2015.smartphotoproject.de\/wp-content\/uploads\/2015\/05\/SMart_ppr_-3.jpg\"><img loading=\"lazy\" decoding=\"async\" class=\"aligncenter wp-image-3578 size-full\" src=\"http:\/\/www.smart2015.smartphotoproject.de\/wp-content\/uploads\/2015\/05\/SMart_ppr_-3.jpg\" alt=\"SMart_ppr_-3\" width=\"693\" height=\"1000\" srcset=\"http:\/\/www.smartphotoproject.de\/wp-content\/uploads\/2015\/05\/SMart_ppr_-3.jpg 693w, http:\/\/www.smartphotoproject.de\/wp-content\/uploads\/2015\/05\/SMart_ppr_-3-208x300.jpg 208w, http:\/\/www.smartphotoproject.de\/wp-content\/uploads\/2015\/05\/SMart_ppr_-3-650x938.jpg 650w\" sizes=\"auto, (max-width: 693px) 100vw, 693px\" \/><\/a><\/p>\n<\/div><\/div><\/div><\/div><div class = \"tatsu-column-bg-image-wrap\"><div class = \"tatsu-column-bg-image\" ><\/div><\/div><\/div><style>.tatsu-row > .tatsu-frcqyez31yctmib7.tatsu-column{width: 50%;}.tatsu-frcqyez31yctmib7.tatsu-column > .tatsu-column-inner > .tatsu-column-overlay{mix-blend-mode: none;}.tatsu-frcqyez31yctmib7 > .tatsu-column-inner > .tatsu-top-divider{z-index: 9999;}.tatsu-frcqyez31yctmib7 > .tatsu-column-inner > .tatsu-bottom-divider{z-index: 9999;}.tatsu-frcqyez31yctmib7 > .tatsu-column-inner > .tatsu-left-divider{z-index: 9999;}.tatsu-frcqyez31yctmib7 > .tatsu-column-inner > .tatsu-right-divider{z-index: 9999;}@media only screen and (max-width: 767px) {.tatsu-row > .tatsu-frcqyez31yctmib7.tatsu-column{width: 100%;}}<\/style><\/div><div  class=\"tatsu-column  tatsu-column-no-bg tatsu-one-half tatsu-column-image-none tatsu-column-effect-none  tatsu-frcqyez79qgbrfw\"  data-parallax-speed=\"0\" style=\"\"><div class=\"tatsu-column-inner \" ><div class=\"tatsu-column-pad-wrap\"><div class=\"tatsu-column-pad\" ><div  class=\"tatsu-module tatsu-text-block-wrap tatsu-frcqyez7ig73fq57  \"><div class=\"tatsu-text-inner   clearfix\" ><style>.tatsu-frcqyez7ig73fq57.tatsu-text-block-wrap .tatsu-text-inner{text-align: left;}<\/style>\n<h2>Delf\u00a0 G<\/h2>\n<\/div><\/div><div  class=\"special-subtitle-wrap  tatsu-frcqyez8elr3cjw  \"  ><div class=\"align-left\"><span class=\"special-subtitle\" >Nicht kommerzielles Fotoprojekt von Delf G. aus dem Raum Heidelberg, der es liebt zu fotografieren, reisen , schwimmen  und Mountenbike zu fahren<\/span><\/div><style>.tatsu-frcqyez8elr3cjw .special-subtitle{font-size: 18px;color: #818181 ;width: 100%;}.tatsu-frcqyez8elr3cjw.special-subtitle-wrap{margin-bottom: 30px;}<\/style><\/div><div  class=\"tatsu-module tatsu-text-block-wrap tatsu-frcqyez9ec9owm0c  \"><div class=\"tatsu-text-inner   clearfix\" ><style>.tatsu-frcqyez9ec9owm0c.tatsu-text-block-wrap .tatsu-text-inner{text-align: left;}<\/style>\n<p>Der Besuch einer Vernissage im Jahr 1993 war f\u00fcr Delf G. Erweckung und Best\u00e4tigung zugleich. Das Kunsthaus Welker in Heidelberg zeigte &#8222;Erotische Fotografien&#8220;, aufgenommen von G\u00fcnter Blum. Dessen ausdruckstarke Schwarzweisbilder best\u00e4rkten ihn, seiner eigenen, fr\u00fch gefundenen und noch mit Zweifeln belegten Bildsprache zu folgen. Starke Frauen und Akt waren von da an das bestimmenden Thema seines fotografischen Schaffens. Zun\u00e4chst noch auf Film in Schwarzwei\u00df, nach der Schulzeit bald schon im Mittelformat haben seine Bilder mit dem Aufkommen der digitalen Aufnahme auch die lange ungeliebte Farbe bekommen.<\/p>\n<p>Delf G. hat die Fotografie nicht zum Beruf gemacht, sie bietet ihm heute den n\u00f6tigen Ausgleich zum Arbeitsalltag. Seine Leidenschaft vereint mit seinem Wissen als Ingenieur lie\u00dfen ihn inzwischen ein eigenes Studio in einer alten Fabrik einrichten. Hier gestaltet er mit viel Mu\u00dfe und Freude einen gro\u00dfen Teil seiner Bilder. Seine Modelle ermuntert er zur Mitwirkung, erwartet sie sogar, denn er sieht sich in der Rolle eines stillen Beobachters, der die Stimmung des Moments einf\u00e4ngt.<\/p>\n<\/div><\/div><div  class=\"tatsu-single-image tatsu-module tatsu-image-lazyload tatsu-B1YqwN-Ha  \" ><div class=\"tatsu-single-image-inner \" style=\"width : 1536px;\" ><div class = \"tatsu-single-image-padding-wrap\" style = \"padding-bottom : 133.33333333333%;\" ><\/div><img class = \"tatsu-gradient-border\" alt = \"\" title = \"dg210124_GFXS8640__C1_web_2048\" data-src = \"http:\/\/www.smartphotoproject.de\/wp-content\/uploads\/2023\/11\/dg210124_GFXS8640__C1_web_2048.jpg\" src =\"data:image\/png;base64,iVBORw0KGgoAAAANSUhEUgAAAAEAAAABCAQAAAC1HAwCAAAAC0lEQVR42mNkYAAAAAYAAjCB0C8AAAAASUVORK5CYII=\"  \/><\/div><style>.tatsu-B1YqwN-Ha .tatsu-single-image-inner{border-style: solid;max-width: 100%;}.tatsu-B1YqwN-Ha.tatsu-single-image{transform: translate3d(0px,0px, 0);}<\/style><\/div><div  class=\"tatsu-single-image tatsu-module tatsu-image-lazyload tatsu-external-image tatsu-BJG1vVbSa  \" ><div class=\"tatsu-single-image-inner \" style=\"\" ><div class = \"tatsu-single-image-padding-wrap\" style = \"\" ><\/div><a href = \"http:\/\/www.smartphotoproject.de\/wp-content\/uploads\/2023\/11\/dg210124_GFXS8640__C1_web_2048.jpg\" ><img class = \"tatsu-gradient-border\" data-src = \"\" alt =\" \"  src =\"data:image\/png;base64,iVBORw0KGgoAAAANSUhEUgAAAAEAAAABCAQAAAC1HAwCAAAAC0lEQVR42mNkYAAAAAYAAjCB0C8AAAAASUVORK5CYII=\"  \/><\/a><\/div><style>.tatsu-BJG1vVbSa .tatsu-single-image-inner{border-style: solid;max-width: 100%;}.tatsu-BJG1vVbSa.tatsu-single-image{transform: translate3d(0px,0px, 0);}<\/style><\/div><div  class=\"tatsu-single-image tatsu-module tatsu-image-lazyload tatsu-external-image tatsu-Hkia8V-ST  \" ><div class=\"tatsu-single-image-inner \" style=\"\" ><div class = \"tatsu-single-image-padding-wrap\" style = \"\" ><\/div><img class = \"tatsu-gradient-border\" data-src = \"\" alt =\" \"  src =\"data:image\/png;base64,iVBORw0KGgoAAAANSUhEUgAAAAEAAAABCAQAAAC1HAwCAAAAC0lEQVR42mNkYAAAAAYAAjCB0C8AAAAASUVORK5CYII=\"  \/><\/div><style>.tatsu-Hkia8V-ST .tatsu-single-image-inner{border-style: solid;max-width: 100%;}.tatsu-Hkia8V-ST.tatsu-single-image{transform: translate3d(0px,0px, 0);}<\/style><\/div><\/div><\/div><div class = \"tatsu-column-bg-image-wrap\"><div class = \"tatsu-column-bg-image\" ><\/div><\/div><\/div><style>.tatsu-row > .tatsu-frcqyez79qgbrfw.tatsu-column{width: 50%;}.tatsu-frcqyez79qgbrfw.tatsu-column > .tatsu-column-inner > .tatsu-column-overlay{mix-blend-mode: none;}.tatsu-frcqyez79qgbrfw > .tatsu-column-inner > .tatsu-top-divider{z-index: 9999;}.tatsu-frcqyez79qgbrfw > .tatsu-column-inner > .tatsu-bottom-divider{z-index: 9999;}.tatsu-frcqyez79qgbrfw > .tatsu-column-inner > .tatsu-left-divider{z-index: 9999;}.tatsu-frcqyez79qgbrfw > .tatsu-column-inner > .tatsu-right-divider{z-index: 9999;}@media only screen and (max-width: 767px) {.tatsu-row > .tatsu-frcqyez79qgbrfw.tatsu-column{width: 100%;}}<\/style><\/div><\/div><\/div><\/div><div class=\"tatsu-section-background-wrap\"><div class = \"tatsu-section-background\" ><\/div><\/div><style>.tatsu-frcqyez2lgu2mxd .tatsu-section-pad{padding: 90px 0% 90px 0%;}.tatsu-frcqyez2lgu2mxd > .tatsu-bottom-divider{z-index: 9999;}.tatsu-frcqyez2lgu2mxd > .tatsu-top-divider{z-index: 9999;}<\/style><\/div>\n","protected":false},"excerpt":{"rendered":"<p><a href=\"http:\/\/www.smartphotoproject.de\/?page_id=3501\" class=\"more-link style1-button\">Weiterlesen<\/a><\/p>","protected":false},"author":1,"featured_media":0,"parent":0,"menu_order":0,"comment_status":"open","ping_status":"open","template":"","meta":{"footnotes":""},"class_list":["post-3501","page","type-page","status-publish","hentry"],"_links":{"self":[{"href":"http:\/\/www.smartphotoproject.de\/index.php?rest_route=\/wp\/v2\/pages\/3501","targetHints":{"allow":["GET"]}}],"collection":[{"href":"http:\/\/www.smartphotoproject.de\/index.php?rest_route=\/wp\/v2\/pages"}],"about":[{"href":"http:\/\/www.smartphotoproject.de\/index.php?rest_route=\/wp\/v2\/types\/page"}],"author":[{"embeddable":true,"href":"http:\/\/www.smartphotoproject.de\/index.php?rest_route=\/wp\/v2\/users\/1"}],"replies":[{"embeddable":true,"href":"http:\/\/www.smartphotoproject.de\/index.php?rest_route=%2Fwp%2Fv2%2Fcomments&post=3501"}],"version-history":[{"count":11,"href":"http:\/\/www.smartphotoproject.de\/index.php?rest_route=\/wp\/v2\/pages\/3501\/revisions"}],"predecessor-version":[{"id":4641,"href":"http:\/\/www.smartphotoproject.de\/index.php?rest_route=\/wp\/v2\/pages\/3501\/revisions\/4641"}],"wp:attachment":[{"href":"http:\/\/www.smartphotoproject.de\/index.php?rest_route=%2Fwp%2Fv2%2Fmedia&parent=3501"}],"curies":[{"name":"wp","href":"https:\/\/api.w.org\/{rel}","templated":true}]}}